{"id":1192,"date":"2016-07-08T06:07:08","date_gmt":"2016-07-08T04:07:08","guid":{"rendered":"http:\/\/chisphouse.com\/?page_id=1192"},"modified":"2019-12-04T11:23:17","modified_gmt":"2019-12-04T10:23:17","slug":"inmigrante","status":"publish","type":"page","link":"https:\/\/chisphouse.com\/es\/inmigrante\/","title":{"rendered":"Extranjer\u00eda"},"content":{"rendered":"<p>[vc_row][vc_column][vc_separator][vc_tta_tabs][vc_tta_section title=\u00bbPERMISO DE RESIDENCIA EN ESPA\u00d1A POR INVERSI\u00d3N O \u201cGOLDEN VISA\u201d\u00bb tab_id=\u00bb1504050407683-ea56ef5b-c778&#8243;][vc_column_text]Sistema introducido a trav\u00e9s de la Ley 14\/2013, de 27 de septiembre, de apoyo a los emprendedores y su internacionalizaci\u00f3n, con el fin de reactivar la econom\u00eda espa\u00f1ola. Es decir, con ello se pretende llamar la atenci\u00f3n de personas con un alto nivel de ingresos como pueden ser empresarios internacionales para poder favorecer la creaci\u00f3n de nuevas empresas, y por tanto, dar empleo a un mayor n\u00famero de personas en nuestro pa\u00eds. A cambio, el Estado ofrece ventajas a aquellos inversores extranjeros que decidan invertir, como es facilitando su entrada y permanencia en Espa\u00f1a como residir y trabajar durante su vigencia.[\/vc_column_text][\/vc_tta_section][vc_tta_section title=\u00bbREQUISITOS\u00bb tab_id=\u00bb1504050407728-c6c57843-a6b3&#8243;][vc_column_text]<\/p>\n<ul>\n<li>La persona que lo solicite no se encuentre en territorio espa\u00f1ol de manera irregular.<\/li>\n<li>Ser mayor de edad, es decir, tener m\u00e1s de 18 a\u00f1os<\/li>\n<li>Carecer de antecedentes penales en Espa\u00f1a, como en cualquier otro pa\u00eds en el que haya estado residiendo los cinco \u00faltimos a\u00f1os, por delitos previstos en el ordenamiento jur\u00eddico espa\u00f1ol.<\/li>\n<li>No aparecer como rechazable en el espacio territorial de pa\u00edses con los que Espa\u00f1a tenga firmado un convenio en tal sentido.<\/li>\n<li>Contratar un seguro p\u00fablico o privado de enfermedad, el cual deber\u00e1 ser concertado con una aseguradora autorizada para operar en Espa\u00f1a.<\/li>\n<li>La persona solicitante debe poseer recursos econ\u00f3micos suficientes para \u00e9l, como para su familia durante el periodo de tiempo que tenga su residencia en Espa\u00f1a (2.130 euros mensuales para el interesado y 532 euros por cada familiar que est\u00e9 a su cargo).<\/li>\n<li>Abonar el importe por la tasa de tramitaci\u00f3n del visado.<\/li>\n<\/ul>\n<p>[\/vc_column_text][\/vc_tta_section][vc_tta_section title=\u00bbCONDICIONES\u00bb tab_id=\u00bb1504050540493-c38739b6-f7c7&#8243;][vc_column_text]La inversi\u00f3n de capital significativa para que aquellos extranjeros no residentes puedan solicitar el visado de estancia o de residencia, puede consistir:<\/p>\n<ul>\n<li>Una inversi\u00f3n inicial por un valor igual o superior a:<\/li>\n<\/ul>\n<p><strong>1.\u00ba\u00a0<\/strong>Dos millones de euros en t\u00edtulos de deuda p\u00fablica espa\u00f1ola, o<\/p>\n<p><strong>2.\u00ba\u00a0<\/strong>Un mill\u00f3n de euros en acciones o participaciones sociales de sociedades de capital espa\u00f1olas con una actividad real de negocio, o<\/p>\n<p><strong>3.\u00ba\u00a0<\/strong>Un mill\u00f3n de euros en fondos de inversi\u00f3n, fondos de inversi\u00f3n de car\u00e1cter cerrado o fondos de capital riesgo constituidos en Espa\u00f1a<\/p>\n<p><strong>4.\u00ba\u00a0<\/strong>Un mill\u00f3n de euros en dep\u00f3sitos bancarios en entidades financieras espa\u00f1olas.<\/p>\n<ul>\n<li><em>La adquisici\u00f3n de bienes inmuebles en Espa\u00f1a con una inversi\u00f3n de valor igual o superior a 500.000 euros por cada solicitante.<\/em><\/li>\n<li><em>Un proyecto empresarial que vaya a ser desarrollado en Espa\u00f1a y que sea considerado y acreditado como de inter\u00e9s general, respecto del cual se tendr\u00e1 en cuenta los puestos de trabajo, el efecto socioecon\u00f3mico de dicha inversi\u00f3n o la aportaci\u00f3n a la innovaci\u00f3n cient\u00edfica y\/o tecnol\u00f3gica. <\/em><\/li>\n<li>La inversi\u00f3n realizada por una persona jur\u00eddica, la cual est\u00e9 domiciliada en un territorio que no tenga la condici\u00f3n de para\u00edso fiscal en los t\u00e9rminos previsto por la Ley Espa\u00f1ola, y el extranjero que posea, directa o indirectamente, la mayor\u00eda de los votos y tenga facultad de nombrar o destituir a la mayor\u00eda de los miembros de su \u00f3rgano de administraci\u00f3n.<\/li>\n<li>Las inversiones llevadas a cabo por matrimonios en r\u00e9gimen de gananciales o an\u00e1loga.<\/li>\n<\/ul>\n<p>Todo ello conforme a lo previsto en la Ley.<\/p>\n<p><img loading=\"lazy\" class=\"alignnone size-full wp-image-3124\" src=\"http:\/\/chisphouse.com\/wp-content\/uploads\/2016\/07\/1471323010402383-1.jpg\" alt=\"\" width=\"500\" height=\"323\" \/>[\/vc_column_text][\/vc_tta_section][\/vc_tta_tabs][\/vc_column][\/vc_row][vc_row][vc_column][\/vc_column][\/vc_row]<\/p>\n","protected":false},"excerpt":{"rendered":"<p>[vc_row][vc_column][vc_separator][vc_tta_tabs][vc_tta_section title=\u00bbPERMISO DE RESIDENCIA EN ESPA\u00d1A POR INVERSI\u00d3N O \u201cGOLDEN VISA\u201d\u00bb tab_id=\u00bb1504050407683-ea56ef5b-c778&#8243;][vc_column_text]Sistema introducido a trav\u00e9s de la Ley 14\/2013, de 27 de septiembre, de apoyo a los emprendedores y su internacionalizaci\u00f3n, con el fin de reactivar la econom\u00eda espa\u00f1ola. Es decir, con ello se pretende llamar la atenci\u00f3n de personas con un alto nivel de&#8230;<\/p>\n","protected":false},"author":89,"featured_media":0,"parent":0,"menu_order":0,"comment_status":"closed","ping_status":"closed","template":"","meta":{"spay_email":""},"yoast_head":"<!-- This site is optimized with the Yoast SEO plugin v18.4.1 - https:\/\/yoast.com\/wordpress\/plugins\/seo\/ -->\n<title>Extranjer\u00eda - C.S.U. CONSULTING<\/title>\n<meta name=\"robots\" content=\"index, follow, max-snippet:-1, max-image-preview:large, max-video-preview:-1\" \/>\n<link rel=\"canonical\" href=\"https:\/\/chisphouse.com\/inmigrante\/\" \/>\n<meta property=\"og:locale\" content=\"es_ES\" \/>\n<meta property=\"og:type\" content=\"article\" \/>\n<meta property=\"og:title\" content=\"Extranjer\u00eda - C.S.U. CONSULTING\" \/>\n<meta property=\"og:description\" content=\"[vc_row][vc_column][vc_separator][vc_tta_tabs][vc_tta_section title=\u00bbPERMISO DE RESIDENCIA EN ESPA\u00d1A POR INVERSI\u00d3N O \u201cGOLDEN VISA\u201d\u00bb tab_id=\u00bb1504050407683-ea56ef5b-c778&#8243;][vc_column_text]Sistema introducido a trav\u00e9s de la Ley 14\/2013, de 27 de septiembre, de apoyo a los emprendedores y su internacionalizaci\u00f3n, con el fin de reactivar la econom\u00eda espa\u00f1ola. Es decir, con ello se pretende llamar la atenci\u00f3n de personas con un alto nivel de...\" \/>\n<meta property=\"og:url\" content=\"https:\/\/chisphouse.com\/inmigrante\/\" \/>\n<meta property=\"og:site_name\" content=\"C.S.U. CONSULTING\" \/>\n<meta property=\"article:publisher\" content=\"https:\/\/www.facebook.com\/ChinaSpainUnitedHouse\/?ref=settings\" \/>\n<meta property=\"article:modified_time\" content=\"2019-12-04T10:23:17+00:00\" \/>\n<meta property=\"og:image\" content=\"http:\/\/chisphouse.com\/wp-content\/uploads\/2016\/07\/pasaporte-espanol-644x362.jpg\" \/>\n<meta name=\"twitter:card\" content=\"summary\" \/>\n<meta name=\"twitter:label1\" content=\"Tiempo de lectura\" \/>\n\t<meta name=\"twitter:data1\" content=\"3 minutos\" \/>\n<script type=\"application\/ld+json\" class=\"yoast-schema-graph\">{\"@context\":\"https:\/\/schema.org\",\"@graph\":[{\"@type\":\"Organization\",\"@id\":\"https:\/\/chisphouse.com\/#organization\",\"name\":\"\u4e2d\u897f\u8054\u5408\u7f6e\u4e1a CHINA SPAIN UNITED\",\"url\":\"https:\/\/chisphouse.com\/\",\"sameAs\":[\"https:\/\/www.facebook.com\/ChinaSpainUnitedHouse\/?ref=settings\",\"https:\/\/www.instagram.com\/china_spain_united\/\",\"https:\/\/www.linkedin.com\/company\/11284006\/\"],\"logo\":{\"@type\":\"ImageObject\",\"@id\":\"https:\/\/chisphouse.com\/#logo\",\"inLanguage\":\"es\",\"url\":\"https:\/\/chisphouse.com\/wp-content\/uploads\/2016\/07\/cropped-logo-1.png\",\"contentUrl\":\"https:\/\/chisphouse.com\/wp-content\/uploads\/2016\/07\/cropped-logo-1.png\",\"width\":512,\"height\":512,\"caption\":\"\u4e2d\u897f\u8054\u5408\u7f6e\u4e1a CHINA SPAIN UNITED\"},\"image\":{\"@id\":\"https:\/\/chisphouse.com\/#logo\"}},{\"@type\":\"WebSite\",\"@id\":\"https:\/\/chisphouse.com\/#website\",\"url\":\"https:\/\/chisphouse.com\/\",\"name\":\"C.S.U. CONSULTING\",\"description\":\"\u4fe1\u4efb\u9ad8\u4e8e\u4e00\u5207\u2014\u4e16\u754c500\u5f3a\u5e38\u5e74\u5408\u4f5c\u4f19\u4f34\",\"publisher\":{\"@id\":\"https:\/\/chisphouse.com\/#organization\"},\"potentialAction\":[{\"@type\":\"SearchAction\",\"target\":{\"@type\":\"EntryPoint\",\"urlTemplate\":\"https:\/\/chisphouse.com\/?s={search_term_string}\"},\"query-input\":\"required name=search_term_string\"}],\"inLanguage\":\"es\"},{\"@type\":\"ImageObject\",\"@id\":\"https:\/\/chisphouse.com\/inmigrante\/#primaryimage\",\"inLanguage\":\"es\",\"url\":\"http:\/\/chisphouse.com\/wp-content\/uploads\/2016\/07\/1471323010402383-1.jpg\",\"contentUrl\":\"http:\/\/chisphouse.com\/wp-content\/uploads\/2016\/07\/1471323010402383-1.jpg\"},{\"@type\":\"WebPage\",\"@id\":\"https:\/\/chisphouse.com\/inmigrante\/#webpage\",\"url\":\"https:\/\/chisphouse.com\/inmigrante\/\",\"name\":\"Extranjer\u00eda - C.S.U. CONSULTING\",\"isPartOf\":{\"@id\":\"https:\/\/chisphouse.com\/#website\"},\"primaryImageOfPage\":{\"@id\":\"https:\/\/chisphouse.com\/inmigrante\/#primaryimage\"},\"datePublished\":\"2016-07-08T04:07:08+00:00\",\"dateModified\":\"2019-12-04T10:23:17+00:00\",\"breadcrumb\":{\"@id\":\"https:\/\/chisphouse.com\/inmigrante\/#breadcrumb\"},\"inLanguage\":\"es\",\"potentialAction\":[{\"@type\":\"ReadAction\",\"target\":[\"https:\/\/chisphouse.com\/inmigrante\/\"]}]},{\"@type\":\"BreadcrumbList\",\"@id\":\"https:\/\/chisphouse.com\/inmigrante\/#breadcrumb\",\"itemListElement\":[{\"@type\":\"ListItem\",\"position\":1,\"name\":\"Home\",\"item\":\"https:\/\/chisphouse.com\/\"},{\"@type\":\"ListItem\",\"position\":2,\"name\":\"\u4e2d\u897f\u79fb\u6c11\"}]}]}<\/script>\n<!-- \/ Yoast SEO plugin. -->","yoast_head_json":{"title":"Extranjer\u00eda - C.S.U. CONSULTING","robots":{"index":"index","follow":"follow","max-snippet":"max-snippet:-1","max-image-preview":"max-image-preview:large","max-video-preview":"max-video-preview:-1"},"canonical":"https:\/\/chisphouse.com\/inmigrante\/","og_locale":"es_ES","og_type":"article","og_title":"Extranjer\u00eda - C.S.U. CONSULTING","og_description":"[vc_row][vc_column][vc_separator][vc_tta_tabs][vc_tta_section title=\u00bbPERMISO DE RESIDENCIA EN ESPA\u00d1A POR INVERSI\u00d3N O \u201cGOLDEN VISA\u201d\u00bb tab_id=\u00bb1504050407683-ea56ef5b-c778&#8243;][vc_column_text]Sistema introducido a trav\u00e9s de la Ley 14\/2013, de 27 de septiembre, de apoyo a los emprendedores y su internacionalizaci\u00f3n, con el fin de reactivar la econom\u00eda espa\u00f1ola. Es decir, con ello se pretende llamar la atenci\u00f3n de personas con un alto nivel de...","og_url":"https:\/\/chisphouse.com\/inmigrante\/","og_site_name":"C.S.U. CONSULTING","article_publisher":"https:\/\/www.facebook.com\/ChinaSpainUnitedHouse\/?ref=settings","article_modified_time":"2019-12-04T10:23:17+00:00","og_image":[{"url":"http:\/\/chisphouse.com\/wp-content\/uploads\/2016\/07\/pasaporte-espanol-644x362.jpg"}],"twitter_card":"summary","twitter_misc":{"Tiempo de lectura":"3 minutos"},"schema":{"@context":"https:\/\/schema.org","@graph":[{"@type":"Organization","@id":"https:\/\/chisphouse.com\/#organization","name":"\u4e2d\u897f\u8054\u5408\u7f6e\u4e1a CHINA SPAIN UNITED","url":"https:\/\/chisphouse.com\/","sameAs":["https:\/\/www.facebook.com\/ChinaSpainUnitedHouse\/?ref=settings","https:\/\/www.instagram.com\/china_spain_united\/","https:\/\/www.linkedin.com\/company\/11284006\/"],"logo":{"@type":"ImageObject","@id":"https:\/\/chisphouse.com\/#logo","inLanguage":"es","url":"https:\/\/chisphouse.com\/wp-content\/uploads\/2016\/07\/cropped-logo-1.png","contentUrl":"https:\/\/chisphouse.com\/wp-content\/uploads\/2016\/07\/cropped-logo-1.png","width":512,"height":512,"caption":"\u4e2d\u897f\u8054\u5408\u7f6e\u4e1a CHINA SPAIN UNITED"},"image":{"@id":"https:\/\/chisphouse.com\/#logo"}},{"@type":"WebSite","@id":"https:\/\/chisphouse.com\/#website","url":"https:\/\/chisphouse.com\/","name":"C.S.U. CONSULTING","description":"\u4fe1\u4efb\u9ad8\u4e8e\u4e00\u5207\u2014\u4e16\u754c500\u5f3a\u5e38\u5e74\u5408\u4f5c\u4f19\u4f34","publisher":{"@id":"https:\/\/chisphouse.com\/#organization"},"potentialAction":[{"@type":"SearchAction","target":{"@type":"EntryPoint","urlTemplate":"https:\/\/chisphouse.com\/?s={search_term_string}"},"query-input":"required name=search_term_string"}],"inLanguage":"es"},{"@type":"ImageObject","@id":"https:\/\/chisphouse.com\/inmigrante\/#primaryimage","inLanguage":"es","url":"http:\/\/chisphouse.com\/wp-content\/uploads\/2016\/07\/1471323010402383-1.jpg","contentUrl":"http:\/\/chisphouse.com\/wp-content\/uploads\/2016\/07\/1471323010402383-1.jpg"},{"@type":"WebPage","@id":"https:\/\/chisphouse.com\/inmigrante\/#webpage","url":"https:\/\/chisphouse.com\/inmigrante\/","name":"Extranjer\u00eda - C.S.U. CONSULTING","isPartOf":{"@id":"https:\/\/chisphouse.com\/#website"},"primaryImageOfPage":{"@id":"https:\/\/chisphouse.com\/inmigrante\/#primaryimage"},"datePublished":"2016-07-08T04:07:08+00:00","dateModified":"2019-12-04T10:23:17+00:00","breadcrumb":{"@id":"https:\/\/chisphouse.com\/inmigrante\/#breadcrumb"},"inLanguage":"es","potentialAction":[{"@type":"ReadAction","target":["https:\/\/chisphouse.com\/inmigrante\/"]}]},{"@type":"BreadcrumbList","@id":"https:\/\/chisphouse.com\/inmigrante\/#breadcrumb","itemListElement":[{"@type":"ListItem","position":1,"name":"Home","item":"https:\/\/chisphouse.com\/"},{"@type":"ListItem","position":2,"name":"\u4e2d\u897f\u79fb\u6c11"}]}]}},"_links":{"self":[{"href":"https:\/\/chisphouse.com\/es\/wp-json\/wp\/v2\/pages\/1192"}],"collection":[{"href":"https:\/\/chisphouse.com\/es\/wp-json\/wp\/v2\/pages"}],"about":[{"href":"https:\/\/chisphouse.com\/es\/wp-json\/wp\/v2\/types\/page"}],"author":[{"embeddable":true,"href":"https:\/\/chisphouse.com\/es\/wp-json\/wp\/v2\/users\/89"}],"replies":[{"embeddable":true,"href":"https:\/\/chisphouse.com\/es\/wp-json\/wp\/v2\/comments?post=1192"}],"version-history":[{"count":10,"href":"https:\/\/chisphouse.com\/es\/wp-json\/wp\/v2\/pages\/1192\/revisions"}],"predecessor-version":[{"id":8655,"href":"https:\/\/chisphouse.com\/es\/wp-json\/wp\/v2\/pages\/1192\/revisions\/8655"}],"wp:attachment":[{"href":"https:\/\/chisphouse.com\/es\/wp-json\/wp\/v2\/media?parent=1192"}],"curies":[{"name":"wp","href":"https:\/\/api.w.org\/{rel}","templated":true}]}}