{"id":1171,"date":"2016-07-08T05:58:19","date_gmt":"2016-07-08T03:58:19","guid":{"rendered":"http:\/\/chisphouse.com\/?page_id=1171"},"modified":"2022-12-13T18:33:32","modified_gmt":"2022-12-13T17:33:32","slug":"aboutus","status":"publish","type":"page","link":"https:\/\/chisphouse.com\/es\/aboutus\/","title":{"rendered":"Sobre nosotros"},"content":{"rendered":"<p>[vc_row][vc_column][vc_column_text][\/vc_column_text][\/vc_column][vc_column][\/vc_column][\/vc_row][vc_row][vc_column][vc_column_text]<img loading=\"lazy\" class=\"wp-image-3117 alignleft\" src=\"http:\/\/chisphouse.com\/wp-content\/uploads\/2016\/07\/QQ\u622a\u56fe20170824124113-300x158.png\" alt=\"\" width=\"354\" height=\"186\" srcset=\"https:\/\/chisphouse.com\/wp-content\/uploads\/2016\/07\/QQ\u622a\u56fe20170824124113-300x158.png 300w, https:\/\/chisphouse.com\/wp-content\/uploads\/2016\/07\/QQ\u622a\u56fe20170824124113-768x405.png 768w, https:\/\/chisphouse.com\/wp-content\/uploads\/2016\/07\/QQ\u622a\u56fe20170824124113-150x79.png 150w, https:\/\/chisphouse.com\/wp-content\/uploads\/2016\/07\/QQ\u622a\u56fe20170824124113.png 822w\" sizes=\"(max-width: 354px) 100vw, 354px\" \/>Nuestra empresa fue fundada en 2014 y en la actualidad nos encontramos en pleno coraz\u00f3n de la capital espa\u00f1ola, en la Calle de Vital Aza, 27, 28017 Madrid.<\/p>\n<p>El logo elegido consta de una C y S, iniciales que responden a China y Espa\u00f1a en idioma chino tradicional, representando la fusi\u00f3n de ambas culturas.<\/p>\n<p>La empresa est\u00e1 compuesta por un equipo de m\u00e1s de 20 profesionales tanto de procedencia china como espa\u00f1ola, los cuales desempe\u00f1an diversas tareas: entre ellas, negociaciones para contratos de compraventa de inmuebles, arrendamientos de vivienda y locales, funciones legales para un mejor asesoramiento a nuestros clientes, equipos de venta encargados de dar respuesta a cualquier tipo de necesidad. De manera que seg\u00fan sea la nacionalidad de nuestro cliente recibir\u00e1 asesoramiento por parte de unos profesionales u otros, todo ello para dar el ofrecer el mejor servicio y cubrir todo tipo de necesidades.<\/p>\n<p>Es por todo esto que nuestra empresa ha ido creciendo y siendo m\u00e1s conocida en los diferentes \u00e1mbitos en los que desarrollamos nuestro trabajo, colaborando con entidades como el banco Sabadell o la Caixa, y de otros sectores como Huawei pero sobre todo por nuestros clientes, la mayor\u00eda inversores.<\/p>\n<p><strong>TEL<\/strong><strong>: 910 299 671\u00a0\u00a0<\/strong><strong>\u00a0<\/strong><strong>Email:\u00a0<a href=\"mailto:info@188invest.com\">info@188invest.com<\/a><\/strong><\/p>\n<p><strong>Wechat\uff1a<\/strong><strong>chispu9878<\/strong><\/p>\n<p><span style=\"color: #333333;\"><img loading=\"lazy\" class=\"alignnone\" src=\"http:\/\/chisphouse.com\/wp-content\/uploads\/2016\/07\/8ED8.tmp_.png\" alt=\"8ED8.tmp\" width=\"140\" height=\"123\" \/><\/span>[\/vc_column_text][\/vc_column][\/vc_row]<\/p>\n","protected":false},"excerpt":{"rendered":"<p>[vc_row][vc_column][vc_column_text][\/vc_column_text][\/vc_column][vc_column][\/vc_column][\/vc_row][vc_row][vc_column][vc_column_text]Nuestra empresa fue fundada en 2014 y en la actualidad nos encontramos en pleno coraz\u00f3n de la capital espa\u00f1ola, en la Calle de Vital Aza, 27, 28017 Madrid. El logo elegido consta de una C y S, iniciales que responden a China y Espa\u00f1a en idioma chino tradicional, representando la fusi\u00f3n de ambas culturas. La&#8230;<\/p>\n","protected":false},"author":89,"featured_media":0,"parent":0,"menu_order":0,"comment_status":"closed","ping_status":"closed","template":"","meta":{"spay_email":""},"yoast_head":"<!-- This site is optimized with the Yoast SEO plugin v18.4.1 - https:\/\/yoast.com\/wordpress\/plugins\/seo\/ -->\n<title>Sobre nosotros - C.S.U. CONSULTING<\/title>\n<meta name=\"robots\" content=\"index, follow, max-snippet:-1, max-image-preview:large, max-video-preview:-1\" \/>\n<link rel=\"canonical\" href=\"https:\/\/chisphouse.com\/aboutus\/\" \/>\n<meta property=\"og:locale\" content=\"es_ES\" \/>\n<meta property=\"og:type\" content=\"article\" \/>\n<meta property=\"og:title\" content=\"Sobre nosotros - C.S.U. CONSULTING\" \/>\n<meta property=\"og:description\" content=\"[vc_row][vc_column][vc_column_text][\/vc_column_text][\/vc_column][vc_column][\/vc_column][\/vc_row][vc_row][vc_column][vc_column_text]Nuestra empresa fue fundada en 2014 y en la actualidad nos encontramos en pleno coraz\u00f3n de la capital espa\u00f1ola, en la Calle de Vital Aza, 27, 28017 Madrid. El logo elegido consta de una C y S, iniciales que responden a China y Espa\u00f1a en idioma chino tradicional, representando la fusi\u00f3n de ambas culturas. La...\" \/>\n<meta property=\"og:url\" content=\"https:\/\/chisphouse.com\/aboutus\/\" \/>\n<meta property=\"og:site_name\" content=\"C.S.U. CONSULTING\" \/>\n<meta property=\"article:publisher\" content=\"https:\/\/www.facebook.com\/ChinaSpainUnitedHouse\/?ref=settings\" \/>\n<meta property=\"article:modified_time\" content=\"2022-12-13T17:33:32+00:00\" \/>\n<meta property=\"og:image\" content=\"http:\/\/chisphouse.com\/wp-content\/uploads\/2016\/07\/QQ\u622a\u56fe20170824124113-300x158.png\" \/>\n<meta name=\"twitter:card\" content=\"summary\" \/>\n<meta name=\"twitter:label1\" content=\"Tiempo de lectura\" \/>\n\t<meta name=\"twitter:data1\" content=\"2 minutos\" \/>\n<script type=\"application\/ld+json\" class=\"yoast-schema-graph\">{\"@context\":\"https:\/\/schema.org\",\"@graph\":[{\"@type\":\"Organization\",\"@id\":\"https:\/\/chisphouse.com\/#organization\",\"name\":\"\u4e2d\u897f\u8054\u5408\u7f6e\u4e1a CHINA SPAIN UNITED\",\"url\":\"https:\/\/chisphouse.com\/\",\"sameAs\":[\"https:\/\/www.facebook.com\/ChinaSpainUnitedHouse\/?ref=settings\",\"https:\/\/www.instagram.com\/china_spain_united\/\",\"https:\/\/www.linkedin.com\/company\/11284006\/\"],\"logo\":{\"@type\":\"ImageObject\",\"@id\":\"https:\/\/chisphouse.com\/#logo\",\"inLanguage\":\"es\",\"url\":\"https:\/\/chisphouse.com\/wp-content\/uploads\/2016\/07\/cropped-logo-1.png\",\"contentUrl\":\"https:\/\/chisphouse.com\/wp-content\/uploads\/2016\/07\/cropped-logo-1.png\",\"width\":512,\"height\":512,\"caption\":\"\u4e2d\u897f\u8054\u5408\u7f6e\u4e1a CHINA SPAIN UNITED\"},\"image\":{\"@id\":\"https:\/\/chisphouse.com\/#logo\"}},{\"@type\":\"WebSite\",\"@id\":\"https:\/\/chisphouse.com\/#website\",\"url\":\"https:\/\/chisphouse.com\/\",\"name\":\"C.S.U. CONSULTING\",\"description\":\"\u4fe1\u4efb\u9ad8\u4e8e\u4e00\u5207\u2014\u4e16\u754c500\u5f3a\u5e38\u5e74\u5408\u4f5c\u4f19\u4f34\",\"publisher\":{\"@id\":\"https:\/\/chisphouse.com\/#organization\"},\"potentialAction\":[{\"@type\":\"SearchAction\",\"target\":{\"@type\":\"EntryPoint\",\"urlTemplate\":\"https:\/\/chisphouse.com\/?s={search_term_string}\"},\"query-input\":\"required name=search_term_string\"}],\"inLanguage\":\"es\"},{\"@type\":\"ImageObject\",\"@id\":\"https:\/\/chisphouse.com\/aboutus\/#primaryimage\",\"inLanguage\":\"es\",\"url\":\"http:\/\/chisphouse.com\/wp-content\/uploads\/2016\/07\/QQ\u622a\u56fe20170824124113-300x158.png\",\"contentUrl\":\"http:\/\/chisphouse.com\/wp-content\/uploads\/2016\/07\/QQ\u622a\u56fe20170824124113-300x158.png\"},{\"@type\":\"WebPage\",\"@id\":\"https:\/\/chisphouse.com\/aboutus\/#webpage\",\"url\":\"https:\/\/chisphouse.com\/aboutus\/\",\"name\":\"Sobre nosotros - C.S.U. CONSULTING\",\"isPartOf\":{\"@id\":\"https:\/\/chisphouse.com\/#website\"},\"primaryImageOfPage\":{\"@id\":\"https:\/\/chisphouse.com\/aboutus\/#primaryimage\"},\"datePublished\":\"2016-07-08T03:58:19+00:00\",\"dateModified\":\"2022-12-13T17:33:32+00:00\",\"breadcrumb\":{\"@id\":\"https:\/\/chisphouse.com\/aboutus\/#breadcrumb\"},\"inLanguage\":\"es\",\"potentialAction\":[{\"@type\":\"ReadAction\",\"target\":[\"https:\/\/chisphouse.com\/aboutus\/\"]}]},{\"@type\":\"BreadcrumbList\",\"@id\":\"https:\/\/chisphouse.com\/aboutus\/#breadcrumb\",\"itemListElement\":[{\"@type\":\"ListItem\",\"position\":1,\"name\":\"Home\",\"item\":\"https:\/\/chisphouse.com\/\"},{\"@type\":\"ListItem\",\"position\":2,\"name\":\"Sobre nosotros\"}]}]}<\/script>\n<!-- \/ Yoast SEO plugin. -->","yoast_head_json":{"title":"Sobre nosotros - C.S.U. CONSULTING","robots":{"index":"index","follow":"follow","max-snippet":"max-snippet:-1","max-image-preview":"max-image-preview:large","max-video-preview":"max-video-preview:-1"},"canonical":"https:\/\/chisphouse.com\/aboutus\/","og_locale":"es_ES","og_type":"article","og_title":"Sobre nosotros - C.S.U. CONSULTING","og_description":"[vc_row][vc_column][vc_column_text][\/vc_column_text][\/vc_column][vc_column][\/vc_column][\/vc_row][vc_row][vc_column][vc_column_text]Nuestra empresa fue fundada en 2014 y en la actualidad nos encontramos en pleno coraz\u00f3n de la capital espa\u00f1ola, en la Calle de Vital Aza, 27, 28017 Madrid. El logo elegido consta de una C y S, iniciales que responden a China y Espa\u00f1a en idioma chino tradicional, representando la fusi\u00f3n de ambas culturas. La...","og_url":"https:\/\/chisphouse.com\/aboutus\/","og_site_name":"C.S.U. CONSULTING","article_publisher":"https:\/\/www.facebook.com\/ChinaSpainUnitedHouse\/?ref=settings","article_modified_time":"2022-12-13T17:33:32+00:00","og_image":[{"url":"http:\/\/chisphouse.com\/wp-content\/uploads\/2016\/07\/QQ\u622a\u56fe20170824124113-300x158.png"}],"twitter_card":"summary","twitter_misc":{"Tiempo de lectura":"2 minutos"},"schema":{"@context":"https:\/\/schema.org","@graph":[{"@type":"Organization","@id":"https:\/\/chisphouse.com\/#organization","name":"\u4e2d\u897f\u8054\u5408\u7f6e\u4e1a CHINA SPAIN UNITED","url":"https:\/\/chisphouse.com\/","sameAs":["https:\/\/www.facebook.com\/ChinaSpainUnitedHouse\/?ref=settings","https:\/\/www.instagram.com\/china_spain_united\/","https:\/\/www.linkedin.com\/company\/11284006\/"],"logo":{"@type":"ImageObject","@id":"https:\/\/chisphouse.com\/#logo","inLanguage":"es","url":"https:\/\/chisphouse.com\/wp-content\/uploads\/2016\/07\/cropped-logo-1.png","contentUrl":"https:\/\/chisphouse.com\/wp-content\/uploads\/2016\/07\/cropped-logo-1.png","width":512,"height":512,"caption":"\u4e2d\u897f\u8054\u5408\u7f6e\u4e1a CHINA SPAIN UNITED"},"image":{"@id":"https:\/\/chisphouse.com\/#logo"}},{"@type":"WebSite","@id":"https:\/\/chisphouse.com\/#website","url":"https:\/\/chisphouse.com\/","name":"C.S.U. CONSULTING","description":"\u4fe1\u4efb\u9ad8\u4e8e\u4e00\u5207\u2014\u4e16\u754c500\u5f3a\u5e38\u5e74\u5408\u4f5c\u4f19\u4f34","publisher":{"@id":"https:\/\/chisphouse.com\/#organization"},"potentialAction":[{"@type":"SearchAction","target":{"@type":"EntryPoint","urlTemplate":"https:\/\/chisphouse.com\/?s={search_term_string}"},"query-input":"required name=search_term_string"}],"inLanguage":"es"},{"@type":"ImageObject","@id":"https:\/\/chisphouse.com\/aboutus\/#primaryimage","inLanguage":"es","url":"http:\/\/chisphouse.com\/wp-content\/uploads\/2016\/07\/QQ\u622a\u56fe20170824124113-300x158.png","contentUrl":"http:\/\/chisphouse.com\/wp-content\/uploads\/2016\/07\/QQ\u622a\u56fe20170824124113-300x158.png"},{"@type":"WebPage","@id":"https:\/\/chisphouse.com\/aboutus\/#webpage","url":"https:\/\/chisphouse.com\/aboutus\/","name":"Sobre nosotros - C.S.U. CONSULTING","isPartOf":{"@id":"https:\/\/chisphouse.com\/#website"},"primaryImageOfPage":{"@id":"https:\/\/chisphouse.com\/aboutus\/#primaryimage"},"datePublished":"2016-07-08T03:58:19+00:00","dateModified":"2022-12-13T17:33:32+00:00","breadcrumb":{"@id":"https:\/\/chisphouse.com\/aboutus\/#breadcrumb"},"inLanguage":"es","potentialAction":[{"@type":"ReadAction","target":["https:\/\/chisphouse.com\/aboutus\/"]}]},{"@type":"BreadcrumbList","@id":"https:\/\/chisphouse.com\/aboutus\/#breadcrumb","itemListElement":[{"@type":"ListItem","position":1,"name":"Home","item":"https:\/\/chisphouse.com\/"},{"@type":"ListItem","position":2,"name":"Sobre nosotros"}]}]}},"_links":{"self":[{"href":"https:\/\/chisphouse.com\/es\/wp-json\/wp\/v2\/pages\/1171"}],"collection":[{"href":"https:\/\/chisphouse.com\/es\/wp-json\/wp\/v2\/pages"}],"about":[{"href":"https:\/\/chisphouse.com\/es\/wp-json\/wp\/v2\/types\/page"}],"author":[{"embeddable":true,"href":"https:\/\/chisphouse.com\/es\/wp-json\/wp\/v2\/users\/89"}],"replies":[{"embeddable":true,"href":"https:\/\/chisphouse.com\/es\/wp-json\/wp\/v2\/comments?post=1171"}],"version-history":[{"count":57,"href":"https:\/\/chisphouse.com\/es\/wp-json\/wp\/v2\/pages\/1171\/revisions"}],"predecessor-version":[{"id":9792,"href":"https:\/\/chisphouse.com\/es\/wp-json\/wp\/v2\/pages\/1171\/revisions\/9792"}],"wp:attachment":[{"href":"https:\/\/chisphouse.com\/es\/wp-json\/wp\/v2\/media?parent=1171"}],"curies":[{"name":"wp","href":"https:\/\/api.w.org\/{rel}","templated":true}]}}